{"id":30235,"date":"2023-08-19T13:36:29","date_gmt":"2023-08-19T11:36:29","guid":{"rendered":"https:\/\/eternalyouth.ch\/?page_id=30235"},"modified":"2023-09-22T16:32:31","modified_gmt":"2023-09-22T14:32:31","slug":"datenschutzerklarung","status":"publish","type":"page","link":"https:\/\/eternalyouth.ch\/fr\/datenschutzerklarung\/","title":{"rendered":"Datenschutzerkl\u00e4rung"},"content":{"rendered":"<p>[et_pb_section fb_built=&#8220;1&#8243; custom_padding_last_edited=&#8220;on|phone&#8220; next_background_color=&#8220;#FFFFFF&#8220; admin_label=&#8220;Hero Section&#8220; _builder_version=&#8220;4.21.0&#8243; background_color=&#8220;#F5F5F5&#8243; background_enable_image=&#8220;off&#8220; custom_margin=&#8220;||||false|false&#8220; custom_padding=&#8220;150px|0px|50px|0px|false|false&#8220; custom_padding_tablet=&#8220;150px||100px||false|false&#8220; custom_padding_phone=&#8220;100px||0px||false|false&#8220; bottom_divider_style=&#8220;mountains2&#8243; hover_enabled=&#8220;0&#8243; global_colors_info=&#8220;{}&#8220; sticky_enabled=&#8220;0&#8243;][et_pb_row _builder_version=&#8220;4.16&#8243; custom_padding=&#8220;8px|||||&#8220; animation_style=&#8220;slide&#8220; animation_direction=&#8220;bottom&#8220; animation_intensity_slide=&#8220;10%&#8220; global_colors_info=&#8220;{}&#8220;][et_pb_column type=&#8220;4_4&#8243; _builder_version=&#8220;4.16&#8243; custom_padding=&#8220;|||&#8220; global_colors_info=&#8220;{}&#8220; custom_padding__hover=&#8220;|||&#8220;][et_pb_text admin_label=&#8220;Title and subhead&#8220; _builder_version=&#8220;4.21.0&#8243; text_font=&#8220;Ubuntu||||||||&#8220; text_text_color=&#8220;#333333&#8243; text_font_size=&#8220;16px&#8220; text_line_height=&#8220;1.8em&#8220; header_font=&#8220;Montserrat|700|||||||&#8220; header_text_color=&#8220;#333333&#8243; header_font_size=&#8220;50px&#8220; header_line_height=&#8220;1.4em&#8220; header_2_font=&#8220;||||||||&#8220; text_orientation=&#8220;center&#8220; background_layout=&#8220;dark&#8220; max_width=&#8220;600px&#8220; module_alignment=&#8220;center&#8220; custom_margin=&#8220;||40px|||&#8220; header_font_size_tablet=&#8220;&#8220; header_font_size_phone=&#8220;25px&#8220; header_font_size_last_edited=&#8220;on|desktop&#8220; locked=&#8220;off&#8220; global_colors_info=&#8220;{}&#8220;]<\/p>\n<h1>Datenschutzerkl\u00e4rung<\/h1>\n<p>[\/et_pb_text][\/et_pb_column][\/et_pb_row][\/et_pb_section][et_pb_section fb_built=&#8220;1&#8243; _builder_version=&#8220;4.21.0&#8243; _module_preset=&#8220;default&#8220; background_color=&#8220;#FFFFFF&#8220; custom_margin=&#8220;0px||||false|false&#8220; custom_padding=&#8220;0px||||false|false&#8220; hover_enabled=&#8220;0&#8243; global_colors_info=&#8220;{}&#8220; sticky_enabled=&#8220;0&#8243;][et_pb_row _builder_version=&#8220;4.21.0&#8243; _module_preset=&#8220;default&#8220; custom_margin=&#8220;0px||0px||false|false&#8220; custom_padding=&#8220;0px||0px||false|false&#8220; hover_enabled=&#8220;0&#8243; global_colors_info=&#8220;{}&#8220; sticky_enabled=&#8220;0&#8243;][et_pb_column type=&#8220;4_4&#8243; _builder_version=&#8220;4.21.0&#8243; _module_preset=&#8220;default&#8220; global_colors_info=&#8220;{}&#8220;][et_pb_text _builder_version=&#8220;4.21.0&#8243; _module_preset=&#8220;default&#8220; hover_enabled=&#8220;0&#8243; global_colors_info=&#8220;{}&#8220; sticky_enabled=&#8220;0&#8243;]<\/p>\n<div class=\"et_pb_module et_pb_text et_pb_text_0  et_pb_text_align_left et_pb_bg_layout_light\">\n<div class=\"et_pb_text_inner\"><\/div>\n<\/div>\n<div class=\"et_pb_module et_pb_text et_pb_text_1  et_pb_text_align_left et_pb_bg_layout_light\">\n<div class=\"et_pb_text_inner\">\n<p>Verantwortliche Stelle im Sinne der Datenschutzgesetze, insbesondere der EU-Datenschutzgrundverordnung (DSGVO), ist:<\/p>\n<p>Eternal Youth AG<br \/>Badenerstrasse 50<br \/>8952 Schlieren<\/p>\n<p>Telefon:<br \/>E-Mail: info@eternalyouth.ch<br \/>Webseite:\u00a0<a href=\"https:\/\/eternalyouth.ch\/fr\/\">www.eternalyouth.ch<\/a><\/p>\n<p><strong>Allgemeiner Hinweis<\/strong><\/p>\n<p>Gest\u00fctzt auf Artikel 13 der schweizerischen Bundesverfassung und die datenschutzrechtlichen Bestimmungen des Bundes (Datenschutzgesetz, DSG) hat jede Person Anspruch auf Schutz ihrer Privatsph\u00e4re sowie auf Schutz vor Missbrauch ihrer pers\u00f6nlichen Daten. Die Betreiber dieser Seiten nehmen den Schutz Ihrer pers\u00f6nlichen Daten sehr ernst. Wir behandeln Ihre personenbezogenen Daten vertraulich und entsprechend der gesetzlichen Datenschutzvorschriften sowie dieser Datenschutzerkl\u00e4rung.<\/p>\n<p>In Zusammenarbeit mit unseren Hosting-Providern bem\u00fchen wir uns, die Datenbanken so gut wie m\u00f6glich vor fremden Zugriffen, Verlusten, Missbrauch oder vor F\u00e4lschung zu sch\u00fctzen.<\/p>\n<p>Wir weisen darauf hin, dass die Daten\u00fcbertragung im Internet (z.B. bei der Kommunikation per E-Mail) Sicherheitsl\u00fccken aufweisen kann. Ein l\u00fcckenloser Schutz der Daten vor dem Zugriff durch Dritte ist nicht m\u00f6glich.<\/p>\n<p>Durch die Nutzung dieser Webseite erkl\u00e4ren Sie sich mit der Erhebung, Verarbeitung und Nutzung von Daten gem\u00e4ss der nachfolgenden Beschreibung einverstanden. Diese Webseite kann grunds\u00e4tzlich ohne Registrierung besucht werden. Dabei werden Daten wie beispielsweise aufgerufene Seiten bzw. Namen der abgerufenen Datei, Datum und Uhrzeit zu statistischen Zwecken auf dem Server gespeichert, ohne dass diese Daten unmittelbar auf Ihre Person bezogen werden. Personenbezogene Daten, insbesondere Name, Adresse oder E-Mail-Adresse werden soweit m\u00f6glich auf freiwilliger Basis erhoben. Ohne Ihre Einwilligung erfolgt keine Weitergabe der Daten an Dritte.<\/p>\n<p><strong>Bearbeitung von Personendaten<\/strong><\/p>\n<p>Personendaten sind alle Angaben, die sich auf eine bestimmte oder bestimmbare Person beziehen. Eine betroffene Person ist eine Person, \u00fcber die Personendaten bearbeitet werden. Bearbeiten umfasst jeden Umgang mit Personendaten, unabh\u00e4ngig von den angewandten Mitteln und Verfahren, insbesondere das Aufbewahren, Bekanntgeben, Beschaffen, L\u00f6schen, Speichern, Ver\u00e4ndern, Vernichten und Verwenden von Personendaten.<\/p>\n<p>Wir bearbeiten Personendaten im Einklang mit dem schweizerischen Datenschutzrecht. Im \u00dcbrigen bearbeiten wir \u2013 soweit und sofern die EU-DSGVO anwendbar ist \u2013 Personendaten gem\u00e4ss folgenden Rechtsgrundlagen im Zusammenhang mit Art. 6 Abs. 1 DSGVO:<\/p>\n<p>lit. a) Bearbeitung von Personendaten mit Einwilligung der betroffenen Person.<\/p>\n<p>lit. b) Bearbeitung von Personendaten zur Erf\u00fcllung eines Vertrages mit der betroffenen Person sowie zur Durchf\u00fchrung entsprechender vorvertraglicher Massnahmen.<\/p>\n<p>lit. c) Bearbeitung von Personendaten zur Erf\u00fcllung einer rechtlichen Verpflichtung, der wir gem\u00e4ss allenfalls anwendbarem Recht der EU oder gem\u00e4ss allenfalls anwendbarem Recht eines Landes, in dem die DSGVO ganz oder teilweise anwendbar ist, unterliegen.<\/p>\n<p>lit. d) Bearbeitung von Personendaten um lebenswichtige Interessen der betroffenen Person oder einer anderen nat\u00fcrlichen Person zu sch\u00fctzen.<\/p>\n<p>lit. f) Bearbeitung von Personendaten um die berechtigten Interessen von uns oder von Dritten zu wahren, sofern nicht die Grundfreiheiten und Grundrechte sowie Interessen der betroffenen Person \u00fcberwiegen. Berechtigte Interessen sind insbesondere unser betriebswirtschaftliches Interesse, unsere Webseite bereitstellen zu k\u00f6nnen, die Informationssicherheit, die Durchsetzung von eigenen rechtlichen Anspr\u00fcchen und die Einhaltung von schweizerischem Recht.<\/p>\n<p>Wir bearbeiten Personendaten f\u00fcr jene Dauer, die f\u00fcr den jeweiligen Zweck oder die jeweiligen Zwecke erforderlich ist. Bei l\u00e4nger dauernden Aufbewahrungspflichten aufgrund von gesetzlichen und sonstigen Pflichten, denen wir unterliegen, schr\u00e4nken wir die Bearbeitung entsprechend ein.<\/p>\n<p><strong>Cookies<\/strong><\/p>\n<p>Diese Webseite verwendet Cookies. Das sind kleine Textdateien, die es m\u00f6glich machen, auf dem Endger\u00e4t des Nutzers spezifische, auf den Nutzer bezogene Informationen zu speichern, w\u00e4hrend er die Webseite nutzt. Cookies erm\u00f6glichen es, insbesondere Nutzungsh\u00e4ufigkeit und Nutzeranzahl der Seiten zu ermitteln, Verhaltensweisen der Seitennutzung zu analysieren, aber auch unser Angebot kundenfreundlicher zu gestalten. Cookies bleiben \u00fcber das Ende einer Browser-Sitzung gespeichert und k\u00f6nnen bei einem erneuten Seitenbesuch wieder aufgerufen werden. Wenn Sie das nicht w\u00fcnschen, sollten Sie Ihren Internetbrowser so einstellen, dass er die Annahme von Cookies verweigert.<\/p>\n<p>Ein genereller Widerspruch gegen den Einsatz der zu Zwecken des Onlinemarketing eingesetzten Cookies kann bei einer Vielzahl der Dienste, vor allem im Fall des Trackings, \u00fcber die US-amerikanische Seite\u00a0<a href=\"https:\/\/optout.aboutads.info\/\">https:\/\/optout.aboutads.info<\/a>\u00a0oder die EU-Seite\u00a0<a href=\"http:\/\/www.youronlinechoices.com\/\">http:\/\/www.youronlinechoices.com<\/a>\u00a0erkl\u00e4rt werden. Des Weiteren kann die Speicherung von Cookies mittels deren Abschaltung in den Einstellungen des Browsers erreicht werden. Bitte beachten Sie, dass dann gegebenenfalls nicht alle Funktionen dieses Onlineangebotes genutzt werden k\u00f6nnen.<\/p>\n<p><strong>SSL-\/TLS-Verschl\u00fcsselung<\/strong><\/p>\n<p>Diese Webseite nutzt aus Gr\u00fcnden der Sicherheit und zum Schutz der \u00dcbertragung vertraulicher Inhalte, wie zum Beispiel der Anfragen, die Sie an uns als Seitenbetreiber senden, eine SSL-\/TLS-Verschl\u00fcsselung. Eine verschl\u00fcsselte Verbindung erkennen Sie daran, dass die Adresszeile des Browsers von \u201chttp:\/\/\u201d auf \u201chttps:\/\/\u201d wechselt und an dem Schloss-Symbol in Ihrer Browserzeile.<\/p>\n<p>Wenn die SSL bzw. TLS Verschl\u00fcsselung aktiviert ist, k\u00f6nnen die Daten, die Sie an uns \u00fcbermitteln, nicht von Dritten mitgelesen werden.<\/p>\n<p><strong>Server-Log-Files<\/strong><\/p>\n<p>Der Provider dieser Webseite erhebt und speichert automatisch Informationen in so genannten Server-Log Files, die Ihr Browser automatisch an uns \u00fcbermittelt. Dies sind:<\/p>\n<ul>\n<li>Browsertyp und Browserversion<\/li>\n<li>verwendetes Betriebssystem<\/li>\n<li>Referrer URL<\/li>\n<li>Hostname des zugreifenden Rechners<\/li>\n<li>Uhrzeit der Serveranfrage<\/li>\n<\/ul>\n<p>Diese Daten sind nicht bestimmten Personen zuordenbar. Eine Zusammenf\u00fchrung dieser Daten mit anderen Datenquellen wird nicht vorgenommen. Wir behalten uns vor, diese Daten nachtr\u00e4glich zu pr\u00fcfen, wenn uns konkrete Anhaltspunkte f\u00fcr eine rechtswidrige Nutzung bekannt werden.<\/p>\n<p><strong>Dienste von Dritten<\/strong><\/p>\n<p>Diese Webseiten verwenden allenfalls Google Maps f\u00fcr das Einbetten von Karten, Google Invisible reCAPTCHA f\u00fcr den Schutz gegen Bots und Spam sowie YouTube f\u00fcr das Einbetten von Videos.<\/p>\n<p>Diese Dienste der amerikanischen Google LLC verwenden unter anderem Cookies und infolgedessen werden Daten an Google in den USA \u00fcbertragen, wobei wir davon ausgehen, dass in diesem Rahmen kein personenbezogenes Tracking allein durch die Nutzung unserer Webseite stattfindet.<\/p>\n<p>Google hat sich verpflichtet, einen angemessenen Datenschutz gem\u00e4ss dem amerikanisch-europ\u00e4ischen und dem amerikanisch-schweizerischen Privacy Shield zu gew\u00e4hrleisten.<\/p>\n<p>Weitere Informationen finden sich in der Datenschutzerkl\u00e4rung von Google.<\/p>\n<p><strong>Recht auf Auskunft, L\u00f6schung, Sperrung<\/strong><\/p>\n<p>Sie haben jederzeit das Recht auf unentgeltliche Auskunft \u00fcber Ihre gespeicherten personenbezogenen Daten, deren Herkunft und Empf\u00e4nger und den Zweck der Datenverarbeitung sowie ein Recht auf Berichtigung, Sperrung oder L\u00f6schung dieser Daten. Hierzu sowie zu weiteren Fragen zum Thema personenbezogene Daten k\u00f6nnen Sie sich jederzeit unter der im Impressum angegebenen Adresse an uns wenden.<\/p>\n<p><strong>Google Maps<\/strong><\/p>\n<p>Diese Webseite verwendet Google Maps API, um geographische Informationen visuell darzustellen. Bei der Nutzung von Google Maps werden von Google auch Daten \u00fcber die Nutzung der Kartenfunktionen durch Besucher erhoben, verarbeitet und genutzt. N\u00e4here Informationen \u00fcber die Datenverarbeitung durch Google k\u00f6nnen Sie den Google-Datenschutzhinweisen entnehmen. Dort k\u00f6nnen Sie im Datenschutzcenter auch Ihre pers\u00f6nlichen Datenschutz-Einstellungen ver\u00e4ndern.<\/p>\n<p>Ausf\u00fchrliche Anleitungen zur Verwaltung der eigenen Daten im Zusammenhang mit Google-Produkten finden Sie hier.<\/p>\n<p><strong>Google AdWords<\/strong><\/p>\n<p>Diese Webseite nutzt das Google Conversion-Tracking. Sind Sie \u00fcber eine von Google geschaltete Anzeige auf unsere Webseite gelangt, wird von Google Adwords ein Cookie auf Ihrem Rechner gesetzt. Das Cookie f\u00fcr Conversion-Tracking wird gesetzt, wenn ein Nutzer auf eine von Google geschaltete Anzeige klickt. Diese Cookies verlieren nach 30 Tagen ihre G\u00fcltigkeit und dienen nicht der pers\u00f6nlichen Identifizierung. Besucht der Nutzer bestimmte Seiten unserer Webseite und das Cookie ist noch nicht abgelaufen, k\u00f6nnen wir und Google erkennen, dass der Nutzer auf die Anzeige geklickt hat und zu dieser Seite weitergeleitet wurde. Jeder Google AdWords-Kunde erh\u00e4lt ein anderes Cookie. Cookies k\u00f6nnen somit nicht \u00fcber die Webseites von AdWords-Kunden nachverfolgt werden. Die mithilfe des Conversion-Cookies eingeholten Informationen dienen dazu, Conversion-Statistiken f\u00fcr AdWords-Kunden zu erstellen, die sich f\u00fcr Conversion-Tracking entschieden haben. Die Kunden erfahren die Gesamtanzahl der Nutzer, die auf ihre Anzeige geklickt haben und zu einer mit einem Conversion-Tracking-Tag versehenen Seite weitergeleitet wurden. Sie erhalten jedoch keine Informationen, mit denen sich Nutzer pers\u00f6nlich identifizieren lassen.<\/p>\n<p>M\u00f6chten Sie nicht am Tracking teilnehmen, k\u00f6nnen Sie das hierf\u00fcr erforderliche Setzen eines Cookies ablehnen \u2013 etwa per Browser-Einstellung, die das automatische Setzen von Cookies generell deaktiviert oder Ihren Browser so einstellen, dass Cookies von der Domain \u201egoogleleadservices.com\u201c blockiert werden.<\/p>\n<p>Bitte beachten Sie, dass Sie die Opt-out-Cookies nicht l\u00f6schen d\u00fcrfen, solange Sie keine Aufzeichnung von Messdaten w\u00fcnschen. Haben Sie alle Ihre Cookies im Browser gel\u00f6scht, m\u00fcssen Sie das jeweilige Opt-out Cookie erneut setzen.<\/p>\n<p><strong>Google Analytics<\/strong><\/p>\n<p>Diese Webseite verwendet Google Analytics, einen Webanalysedienst von Google Inc., 1600 Amphitheatre Parkway, Mountain View, CA 94043, USA. Zur Deaktivierung von Google Analytiscs stellt Google unter\u00a0<a href=\"https:\/\/tools.google.com\/dlpage\/gaoptout?hl=de\">https:\/\/tools.google.com\/dlpage\/gaoptout?hl=de<\/a>\u00a0ein Browser-Plug-In zur Verf\u00fcgung. Google Analytics verwendet Cookies. Das sind kleine Textdateien, die es m\u00f6glich machen, auf dem Endger\u00e4t des Nutzers spezifische, auf den Nutzer bezogene Informationen zu speichern. Diese erm\u00f6glichen eine Analyse der Nutzung unseres Webseiteangebotes durch Google. Die durch den Cookie erfassten Informationen \u00fcber die Nutzung unserer Seiten (einschliesslich Ihrer IP-Adresse) werden in der Regel an einen Server von Google in den USA \u00fcbertragen und dort gespeichert. Wir weisen darauf hin, dass auf dieser Webseite Google Analytics um den Code \u201egat._anonymizeIp();\u201c erweitert wurde, um eine anonymisierte Erfassung von IP-Adressen (sog. IP-Masking) zu gew\u00e4hrleisten. Ist die Anonymisierung aktiv, k\u00fcrzt Google IP-Adressen innerhalb von Mitgliedstaaten der Europ\u00e4ischen Union oder in anderen Vertragsstaaten des Abkommens \u00fcber den Europ\u00e4ischen Wirtschaftsraum, weswegen keine R\u00fcckschl\u00fcsse auf Ihre Identit\u00e4t m\u00f6glich sind. Nur in Ausnahmef\u00e4llen wird die volle IP-Adresse an einen Server von Google in den USA \u00fcbertragen und dort gek\u00fcrzt. Google beachtet die Datenschutzbestimmungen des \u201ePrivacy Shield\u201c-Abkommens und ist beim \u201ePrivacy Shield\u201c-Programm des US-Handelsministeriums registriert und nutzt die gesammelten Informationen, um die Nutzung unserer Webseites auszuwerten, Berichte f\u00fcr uns diesbez\u00fcglich zu verfassen und andere diesbez\u00fcgliche Dienstleistungen an uns zu erbringen. Mehr erfahren Sie unter\u00a0<a href=\"https:\/\/support.google.com\/analytics\/answer\/6004245?hl=de\">https:\/\/support.google.com\/analytics\/answer\/6004245?hl=de<\/a>.<\/p>\n<p><strong>\u00a0<\/strong><strong>Urheberrechte<\/strong><\/p>\n<p>Die Urheber- und alle anderen Rechte an Inhalten, Bildern, Fotos oder anderen Dateien auf der Webseite, geh\u00f6ren ausschliesslich dem Betreiber dieser Webseite oder den speziell genannten Rechteinhabern. Fu\u0308r die Reproduktion von s\u00e4mtlichen Dateien, ist die schriftliche Zustimmung des Urheberrechtstr\u00e4gers im Voraus einzuholen.<\/p>\n<p>Wer ohne Einwilligung des jeweiligen Rechteinhabers eine Urheberrechtsverletzung begeht, kann sich strafbar und allenfalls schadenersatzpflichtig machen.<\/p>\n<p><strong>Allgemeiner Haftungsausschluss<\/strong><\/p>\n<p>Alle Angaben unseres Internetangebotes wurden sorgf\u00e4ltig gepr\u00fcft. Wir bem\u00fchen uns, unser Informationsangebot aktuell, inhaltlich richtig und vollst\u00e4ndig anzubieten. Trotzdem kann das Auftreten von Fehlern nicht v\u00f6llig ausgeschlossen werden, womit wir keine Garantie f\u00fcr Vollst\u00e4ndigkeit, Richtigkeit und Aktualit\u00e4t von Informationen auch journalistisch-redaktioneller Art \u00fcbernehmen k\u00f6nnen. Haftungsanspr\u00fcche aus Sch\u00e4den materieller oder ideeller Art, die durch die Nutzung der angebotenen Informationen verursacht wurden, sind ausgeschlossen, sofern kein nachweislich vors\u00e4tzliches oder grob fahrl\u00e4ssiges Verschulden vorliegt.<\/p>\n<p>Der Herausgeber kann nach eigenem Ermessen und ohne Ank\u00fcndigung Texte ver\u00e4ndern oder l\u00f6schen und ist nicht verpflichtet, Inhalte dieser Webseite zu aktualisieren. Die Benutzung bzw. der Zugang zu dieser Webseite geschieht auf eigene Gefahr des Besuchers. Der Herausgeber, seine Auftraggeber oder Partner sind nicht verantwortlich f\u00fcr Sch\u00e4den, wie direkte, indirekte, zuf\u00e4llige, vorab konkret zu bestimmende oder Folgesch\u00e4den, die angeblich durch den Besuch dieser Webseite entstanden sind und \u00fcbernehmen hierf\u00fcr folglich keine Haftung.<\/p>\n<p>Der Herausgeber \u00fcbernimmt ebenfalls keine Verantwortung und Haftung f\u00fcr die Inhalte und die Verf\u00fcgbarkeit von Webseiten Dritter, die \u00fcber externe Links dieser Webseite erreichbar sind. F\u00fcr den Inhalt der verlinkten Seiten sind ausschliesslich deren Betreiber verantwortlich. Der Herausgeber distanziert sich damit ausdr\u00fccklich von allen Inhalten Dritter, die m\u00f6glicherweise straf- oder haftungsrechtlich relevant sind oder gegen die guten Sitten verstossen.<\/p>\n<p><strong>\u00c4nderungen<\/strong><\/p>\n<p>Wir k\u00f6nnen diese Datenschutzerkl\u00e4rung jederzeit ohne Vorank\u00fcndigung anpassen. Es gilt die jeweils aktuelle, auf unserer Webseite publizierte Fassung. Soweit die Datenschutzerkl\u00e4rung Teil einer Vereinbarung mit Ihnen ist, werden wir Sie im Falle einer Aktualisierung \u00fcber die \u00c4nderung per E-Mail oder auf andere geeignete Weise informieren.<\/p>\n<p><strong>Datenschutzbeauftragten<\/strong><\/p>\n<p>Wenn Sie Fragen zum Datenschutz haben, schreiben Sie uns bitte eine E-Mail oder wenden Sie sich direkt an die f\u00fcr den Datenschutz zu Beginn der Datenschutzerkl\u00e4rung aufgef\u00fchrten, verantwortlichen Person in unserer Organisation.<\/p>\n<p><strong>Z\u00fcrich, 19.08.2023<\/strong><\/p>\n<\/div>\n<\/div>\n<p>[\/et_pb_text][\/et_pb_column][\/et_pb_row][\/et_pb_section]<\/p>","protected":false},"excerpt":{"rendered":"<p>Datenschutzerkl\u00e4rung Verantwortliche Stelle im Sinne der Datenschutzgesetze, insbesondere der EU-Datenschutzgrundverordnung (DSGVO), ist: Eternal Youth AGBadenerstrasse 508952 Schlieren Telefon:E-Mail: info@eternalyouth.chWebseite:\u00a0www.eternalyouth.ch Allgemeiner Hinweis Gest\u00fctzt auf Artikel 13 der schweizerischen Bundesverfassung und die datenschutzrechtlichen Bestimmungen des Bundes (Datenschutzgesetz, DSG) hat jede Person Anspruch auf Schutz ihrer Privatsph\u00e4re sowie auf Schutz vor Missbrauch ihrer pers\u00f6nlichen Daten. Die Betreiber dieser [&hellip;]<\/p>","protected":false},"author":1,"featured_media":0,"parent":0,"menu_order":0,"comment_status":"closed","ping_status":"closed","template":"","meta":{"_acf_changed":false,"_et_pb_use_builder":"on","_et_pb_old_content":"","_et_gb_content_width":"","footnotes":""},"class_list":["post-30235","page","type-page","status-publish","hentry"],"acf":[],"_links":{"self":[{"href":"https:\/\/eternalyouth.ch\/fr\/wp-json\/wp\/v2\/pages\/30235","targetHints":{"allow":["GET"]}}],"collection":[{"href":"https:\/\/eternalyouth.ch\/fr\/wp-json\/wp\/v2\/pages"}],"about":[{"href":"https:\/\/eternalyouth.ch\/fr\/wp-json\/wp\/v2\/types\/page"}],"author":[{"embeddable":true,"href":"https:\/\/eternalyouth.ch\/fr\/wp-json\/wp\/v2\/users\/1"}],"replies":[{"embeddable":true,"href":"https:\/\/eternalyouth.ch\/fr\/wp-json\/wp\/v2\/comments?post=30235"}],"version-history":[{"count":9,"href":"https:\/\/eternalyouth.ch\/fr\/wp-json\/wp\/v2\/pages\/30235\/revisions"}],"predecessor-version":[{"id":31985,"href":"https:\/\/eternalyouth.ch\/fr\/wp-json\/wp\/v2\/pages\/30235\/revisions\/31985"}],"wp:attachment":[{"href":"https:\/\/eternalyouth.ch\/fr\/wp-json\/wp\/v2\/media?parent=30235"}],"curies":[{"name":"wp","href":"https:\/\/api.w.org\/{rel}","templated":true}]}}