{"id":30229,"date":"2023-08-19T13:32:24","date_gmt":"2023-08-19T11:32:24","guid":{"rendered":"https:\/\/eternalyouth.ch\/?page_id=30229"},"modified":"2023-10-22T11:36:57","modified_gmt":"2023-10-22T09:36:57","slug":"impressum","status":"publish","type":"page","link":"https:\/\/eternalyouth.ch\/fr\/impressum\/","title":{"rendered":"Impressum"},"content":{"rendered":"<p>[et_pb_section fb_built=&#8220;1&#8243; custom_padding_last_edited=&#8220;on|phone&#8220; next_background_color=&#8220;#FFFFFF&#8220; admin_label=&#8220;Hero Section&#8220; _builder_version=&#8220;4.21.0&#8243; background_color=&#8220;#F5F5F5&#8243; background_enable_image=&#8220;off&#8220; custom_margin=&#8220;||||false|false&#8220; custom_padding=&#8220;150px|0px|50px|0px|false|false&#8220; custom_padding_tablet=&#8220;150px||100px||false|false&#8220; custom_padding_phone=&#8220;100px||0px||false|false&#8220; bottom_divider_style=&#8220;mountains2&#8243; global_colors_info=&#8220;{}&#8220;][et_pb_row _builder_version=&#8220;4.16&#8243; custom_padding=&#8220;||80px|||&#8220; animation_style=&#8220;slide&#8220; animation_direction=&#8220;bottom&#8220; animation_intensity_slide=&#8220;10%&#8220; global_colors_info=&#8220;{}&#8220;][et_pb_column type=&#8220;4_4&#8243; _builder_version=&#8220;4.16&#8243; custom_padding=&#8220;|||&#8220; global_colors_info=&#8220;{}&#8220; custom_padding__hover=&#8220;|||&#8220;][et_pb_text admin_label=&#8220;Title and subhead&#8220; _builder_version=&#8220;4.21.0&#8243; text_font=&#8220;Ubuntu||||||||&#8220; text_text_color=&#8220;#333333&#8243; text_font_size=&#8220;16px&#8220; text_line_height=&#8220;1.8em&#8220; header_font=&#8220;Montserrat|700|||||||&#8220; header_text_color=&#8220;#333333&#8243; header_font_size=&#8220;50px&#8220; header_line_height=&#8220;1.4em&#8220; header_2_font=&#8220;||||||||&#8220; text_orientation=&#8220;center&#8220; background_layout=&#8220;dark&#8220; max_width=&#8220;600px&#8220; module_alignment=&#8220;center&#8220; header_font_size_tablet=&#8220;&#8220; header_font_size_phone=&#8220;25px&#8220; header_font_size_last_edited=&#8220;on|desktop&#8220; locked=&#8220;off&#8220; global_colors_info=&#8220;{}&#8220;]<\/p>\n<h1><strong>Impressum<\/strong><\/h1>\n<p>[\/et_pb_text][\/et_pb_column][\/et_pb_row][\/et_pb_section][et_pb_section fb_built=&#8220;1&#8243; _builder_version=&#8220;4.21.0&#8243; _module_preset=&#8220;default&#8220; background_color=&#8220;#FFFFFF&#8220; custom_margin=&#8220;0px||||false|false&#8220; custom_padding=&#8220;0px||||false|false&#8220; global_colors_info=&#8220;{}&#8220;][et_pb_row _builder_version=&#8220;4.21.0&#8243; _module_preset=&#8220;default&#8220; custom_margin=&#8220;0px||0px||false|false&#8220; custom_padding=&#8220;0px||0px||false|false&#8220; hover_enabled=&#8220;0&#8243; global_colors_info=&#8220;{}&#8220; sticky_enabled=&#8220;0&#8243;][et_pb_column type=&#8220;4_4&#8243; _builder_version=&#8220;4.21.0&#8243; _module_preset=&#8220;default&#8220; global_colors_info=&#8220;{}&#8220;][et_pb_text _builder_version=&#8220;4.21.0&#8243; _module_preset=&#8220;default&#8220; hover_enabled=&#8220;0&#8243; global_colors_info=&#8220;{}&#8220; sticky_enabled=&#8220;0&#8243;]<\/p>\n<p><b>Verantwortliche Instanz:<\/b><br \/>Eternal Youth AG<br \/>Badenerstrasse 50<br \/>8952 Schlieren<br \/>Schweiz<br \/><strong>E-Mail<\/strong>: info@eternalyouth.ch<\/p>\n<p><strong>Vertretungsberechtigte Personen<\/strong><br \/>Pierre-Rudolf Kalt<\/p>\n<p><strong>Name des Unternehmens<\/strong>: Eternal Youth AG<br \/><strong>Registrationsnummer<\/strong>: CHE-101.114.374<\/p>\n<p><strong>Haftungsausschluss<\/strong><br \/>Der Autor \u00fcbernimmt keine Gew\u00e4hr f\u00fcr die Richtigkeit, Genauigkeit, Aktualit\u00e4t, Zuverl\u00e4ssigkeit und Vollst\u00e4ndigkeit der Informationen.<br \/>Haftungsanspr\u00fcche gegen den Autor wegen Sch\u00e4den materieller oder immaterieller Art, die aus dem Zugriff oder der Nutzung bzw. Nichtnutzung der ver\u00f6ffentlichten Informationen, durch Missbrauch der Verbindung oder durch technische St\u00f6rungen entstanden sind, werden ausgeschlossen.<\/p>\n<p>Alle Angebote sind freibleibend. Der Autor beh\u00e4lt es sich ausdr\u00fccklich vor, Teile der Seiten oder das gesamte Angebot ohne gesonderte Ank\u00fcndigung zu ver\u00e4ndern, zu erg\u00e4nzen, zu l\u00f6schen oder die Ver\u00f6ffentlichung zeitweise oder endg\u00fcltig einzustellen.<\/p>\n<p><strong>Haftungsausschluss f\u00fcr Inhalte und Links<\/strong><br \/>Verweise und Links auf Webseiten Dritter liegen ausserhalb unseres Verantwortungsbereichs. Es wird jegliche Verantwortung f\u00fcr solche Webseiten abgelehnt. Der Zugriff und die Nutzung solcher Webseiten erfolgen auf eigene Gefahr des jeweiligen Nutzers.<\/p>\n<p><strong>Urheberrechtserkl\u00e4rung<\/strong><br \/>Die Urheber- und alle anderen Rechte an Inhalten, Bildern, Fotos oder anderen Dateien auf dieser Website, geh\u00f6ren ausschliesslich lessit gmbh oder den speziell genannten Rechteinhabern. F\u00fcr die Reproduktion jeglicher Elemente ist die schriftliche Zustimmung des Urheberrechtstr\u00e4gers im Voraus einzuholen.<\/p>\n<p>[\/et_pb_text][\/et_pb_column][\/et_pb_row][\/et_pb_section]<\/p>","protected":false},"excerpt":{"rendered":"<p>ImpressumVerantwortliche Instanz:Eternal Youth AGBadenerstrasse 508952 SchlierenSchweizE-Mail: info@eternalyouth.ch Vertretungsberechtigte PersonenPierre-Rudolf Kalt Name des Unternehmens: Eternal Youth AGRegistrationsnummer: CHE-101.114.374 HaftungsausschlussDer Autor \u00fcbernimmt keine Gew\u00e4hr f\u00fcr die Richtigkeit, Genauigkeit, Aktualit\u00e4t, Zuverl\u00e4ssigkeit und Vollst\u00e4ndigkeit der Informationen.Haftungsanspr\u00fcche gegen den Autor wegen Sch\u00e4den materieller oder immaterieller Art, die aus dem Zugriff oder der Nutzung bzw. Nichtnutzung der ver\u00f6ffentlichten Informationen, durch Missbrauch [&hellip;]<\/p>","protected":false},"author":1,"featured_media":0,"parent":0,"menu_order":0,"comment_status":"closed","ping_status":"closed","template":"","meta":{"_acf_changed":false,"_et_pb_use_builder":"on","_et_pb_old_content":"","_et_gb_content_width":"","footnotes":""},"class_list":["post-30229","page","type-page","status-publish","hentry"],"acf":[],"_links":{"self":[{"href":"https:\/\/eternalyouth.ch\/fr\/wp-json\/wp\/v2\/pages\/30229","targetHints":{"allow":["GET"]}}],"collection":[{"href":"https:\/\/eternalyouth.ch\/fr\/wp-json\/wp\/v2\/pages"}],"about":[{"href":"https:\/\/eternalyouth.ch\/fr\/wp-json\/wp\/v2\/types\/page"}],"author":[{"embeddable":true,"href":"https:\/\/eternalyouth.ch\/fr\/wp-json\/wp\/v2\/users\/1"}],"replies":[{"embeddable":true,"href":"https:\/\/eternalyouth.ch\/fr\/wp-json\/wp\/v2\/comments?post=30229"}],"version-history":[{"count":13,"href":"https:\/\/eternalyouth.ch\/fr\/wp-json\/wp\/v2\/pages\/30229\/revisions"}],"predecessor-version":[{"id":32086,"href":"https:\/\/eternalyouth.ch\/fr\/wp-json\/wp\/v2\/pages\/30229\/revisions\/32086"}],"wp:attachment":[{"href":"https:\/\/eternalyouth.ch\/fr\/wp-json\/wp\/v2\/media?parent=30229"}],"curies":[{"name":"wp","href":"https:\/\/api.w.org\/{rel}","templated":true}]}}