{"id":28856,"date":"2023-07-31T11:06:01","date_gmt":"2023-07-31T09:06:01","guid":{"rendered":"https:\/\/eternalyouth.ch\/?page_id=28856"},"modified":"2024-09-14T15:50:48","modified_gmt":"2024-09-14T13:50:48","slug":"ueber-uns","status":"publish","type":"page","link":"https:\/\/eternalyouth.ch\/fr\/ueber-uns\/","title":{"rendered":"\u00dcber uns"},"content":{"rendered":"<p>[et_pb_section fb_built=&#8220;1&#8243; custom_padding_last_edited=&#8220;on|phone&#8220; next_background_color=&#8220;#ffffff&#8220; admin_label=&#8220;Hero Section&#8220; _builder_version=&#8220;4.21.0&#8243; background_enable_color=&#8220;off&#8220; background_image=&#8220;https:\/\/eternalyouth.ch\/wp-content\/uploads\/2023\/09\/women-working-together-medium-shot-dark-scaled.jpg&#8220; custom_padding=&#8220;200px|0px|200px|0px&#8220; custom_padding_tablet=&#8220;200px||200px|&#8220; custom_padding_phone=&#8220;140px||140px|&#8220; bottom_divider_style=&#8220;mountains2&#8243; global_colors_info=&#8220;{}&#8220;][et_pb_row _builder_version=&#8220;4.16&#8243; custom_padding=&#8220;|||&#8220; animation_style=&#8220;slide&#8220; animation_direction=&#8220;bottom&#8220; animation_intensity_slide=&#8220;10%&#8220; global_colors_info=&#8220;{}&#8220;][et_pb_column type=&#8220;4_4&#8243; _builder_version=&#8220;4.16&#8243; custom_padding=&#8220;|||&#8220; global_colors_info=&#8220;{}&#8220; custom_padding__hover=&#8220;|||&#8220;][et_pb_text admin_label=&#8220;Title and subhead&#8220; _builder_version=&#8220;4.21.0&#8243; text_font=&#8220;||||||||&#8220; text_text_color=&#8220;#FFFFFF&#8220; text_font_size=&#8220;20px&#8220; text_line_height=&#8220;1.8em&#8220; header_font=&#8220;|700|||||||&#8220; header_text_color=&#8220;#FFFFFF&#8220; header_font_size=&#8220;50px&#8220; header_line_height=&#8220;1.4em&#8220; header_2_font=&#8220;||||||||&#8220; text_orientation=&#8220;center&#8220; background_layout=&#8220;dark&#8220; max_width=&#8220;600px&#8220; module_alignment=&#8220;center&#8220; text_font_size_tablet=&#8220;20px&#8220; text_font_size_phone=&#8220;15px&#8220; text_font_size_last_edited=&#8220;on|phone&#8220; header_font_size_tablet=&#8220;&#8220; header_font_size_phone=&#8220;30px&#8220; header_font_size_last_edited=&#8220;on|desktop&#8220; locked=&#8220;off&#8220; global_colors_info=&#8220;{}&#8220;]<\/p>\n<h1>\u00dcber uns<\/h1>\n<p><span>Sch\u00f6nheit neu definieren \u2013 durch hochwertige Ger\u00e4te.<\/span><\/p>\n<p>[\/et_pb_text][\/et_pb_column][\/et_pb_row][\/et_pb_section][et_pb_section fb_built=&#8220;1&#8243; admin_label=&#8220;Kosmetikinstitute&#8220; _builder_version=&#8220;4.21.0&#8243; _module_preset=&#8220;default&#8220; custom_margin=&#8220;20px||0px||false|false&#8220; custom_padding=&#8220;0px||0px||false|false&#8220; global_colors_info=&#8220;{}&#8220;][et_pb_row column_structure=&#8220;1_2,1_2&#8243; disabled_on=&#8220;off|off|off&#8220; _builder_version=&#8220;4.21.0&#8243; _module_preset=&#8220;default&#8220; custom_padding=&#8220;0px||||false|false&#8220; animation_style=&#8220;slide&#8220; animation_direction=&#8220;right&#8220; global_colors_info=&#8220;{}&#8220;][et_pb_column type=&#8220;1_2&#8243; _builder_version=&#8220;4.21.0&#8243; _module_preset=&#8220;default&#8220; global_colors_info=&#8220;{}&#8220;][et_pb_text admin_label=&#8220;Title&#8220; _builder_version=&#8220;4.21.0&#8243; text_font=&#8220;||||||||&#8220; text_line_height=&#8220;1.8em&#8220; header_font=&#8220;||||||||&#8220; header_2_font=&#8220;|700|||||||&#8220; header_2_font_size=&#8220;40px&#8220; header_2_line_height=&#8220;1.4em&#8220; text_orientation=&#8220;center&#8220; max_width=&#8220;601px&#8220; module_alignment=&#8220;center&#8220; text_font_size_tablet=&#8220;&#8220; text_font_size_phone=&#8220;&#8220; text_font_size_last_edited=&#8220;on|phone&#8220; header_2_font_size_tablet=&#8220;40px&#8220; header_2_font_size_phone=&#8220;30px&#8220; header_2_font_size_last_edited=&#8220;on|phone&#8220; global_colors_info=&#8220;{}&#8220;]<\/p>\n<h2>Unsere Geschichte<\/h2>\n<p>Begonnen hat alles mit Elegance Boutique wo meine Schwester seit einigen Jahren arbeitet. Elegance Boutique begann mit einem Kosmetikstudio. Mit der Zeit entwickelte sich dieses Studio zu einem wichtigen Player auf dem kosmetischen Markt der franz\u00f6sischen Schweiz. Unter anderem auch, weil sich dieses Studio stets f\u00fcr die Maschinen, mit denen sie ihre Behandlungen durchf\u00fchrten, interessierte. Dabei wurden laufend neue Maschinen getestet und durch bessere ersetzt. Elegance Studio erkannte die Bed\u00fcrfnisse und die Komplexit\u00e4t des Marktes und beschloss deshalb die von ihnen verwendeten Maschinen selber zum Kauf anzubieten. Da Elegance Studio die gekauften Maschinen selber verwendet, bieten wir (Eternal Youth und Elegance Boutique) Ihnen nicht einfach die Maschinen zum Kauf an, sondern wir beraten und schulen Sie. Wir installieren Ihr neu erworbenes Produkt und bieten Ihnen einen kontinuierlichen Kundenservice. Elegance Boutique versteht wegen ihrer Erfahrung die Problematik, die mit den Maschinen verbunden ist, und kann Sie daher bestm\u00f6glich begleiten. Dank der vielf\u00e4ltigen Partnerschaften die Elegance Boutique im Laufe der Jahre eingegangen ist, bieten wir Maschinen der neuesten Generation an, die somit auch stets auf dem neuesten Stand der Technik sind. Unsere neueste Partnerschaft heisst Eternal Youth. Eternal Youth wird die gesamte Deutschschweiz bedienen.<\/p>\n<p>[\/et_pb_text][\/et_pb_column][et_pb_column type=&#8220;1_2&#8243; _builder_version=&#8220;4.21.0&#8243; _module_preset=&#8220;default&#8220; global_colors_info=&#8220;{}&#8220;][et_pb_image src=&#8220;https:\/\/eternalyouth.ch\/wp-content\/uploads\/2023\/08\/Formations_academy-scaled-1.jpg&#8220; alt=&#8220;Formations_academy-scaled&#8220; title_text=&#8220;Formations_academy-scaled&#8220; _builder_version=&#8220;4.21.0&#8243; _module_preset=&#8220;default&#8220; global_colors_info=&#8220;{}&#8220;][\/et_pb_image][\/et_pb_column][\/et_pb_row][et_pb_row column_structure=&#8220;1_2,1_2&#8243; disabled_on=&#8220;on|on|off&#8220; _builder_version=&#8220;4.23.1&#8243; _module_preset=&#8220;default&#8220; custom_margin=&#8220;20px||20px||false|false&#8220; custom_padding=&#8220;0px||||false|false&#8220; animation_style=&#8220;slide&#8220; animation_direction=&#8220;right&#8220; hover_enabled=&#8220;0&#8243; global_colors_info=&#8220;{}&#8220; sticky_enabled=&#8220;0&#8243;][et_pb_column type=&#8220;1_2&#8243; _builder_version=&#8220;4.21.0&#8243; _module_preset=&#8220;default&#8220; global_colors_info=&#8220;{}&#8220;][et_pb_image src=&#8220;https:\/\/eternalyouth.ch\/wp-content\/uploads\/2023\/08\/services.png&#8220; alt=&#8220;services&#8220; title_text=&#8220;services&#8220; _builder_version=&#8220;4.21.0&#8243; _module_preset=&#8220;default&#8220; custom_margin=&#8220;|0px|||false|false&#8220; custom_margin_tablet=&#8220;|0px|||false|false&#8220; custom_margin_phone=&#8220;|0px|||false|false&#8220; custom_margin_last_edited=&#8220;on|tablet&#8220; custom_padding=&#8220;0px||||false|false&#8220; custom_padding_tablet=&#8220;0px||||false|false&#8220; custom_padding_phone=&#8220;0px||||false|false&#8220; custom_padding_last_edited=&#8220;on|tablet&#8220; global_colors_info=&#8220;{}&#8220;][\/et_pb_image][\/et_pb_column][et_pb_column type=&#8220;1_2&#8243; _builder_version=&#8220;4.21.0&#8243; _module_preset=&#8220;default&#8220; global_colors_info=&#8220;{}&#8220;][et_pb_text admin_label=&#8220;Title&#8220; _builder_version=&#8220;4.21.0&#8243; text_font=&#8220;Ubuntu||||||||&#8220; text_line_height=&#8220;1.8em&#8220; header_font=&#8220;||||||||&#8220; header_2_font=&#8220;|700|||||||&#8220; header_2_font_size=&#8220;40px&#8220; header_2_line_height=&#8220;1.4em&#8220; text_orientation=&#8220;center&#8220; max_width=&#8220;601px&#8220; module_alignment=&#8220;center&#8220; header_2_font_size_tablet=&#8220;40px&#8220; header_2_font_size_phone=&#8220;30px&#8220; header_2_font_size_last_edited=&#8220;on|phone&#8220; global_colors_info=&#8220;{}&#8220;]<\/p>\n<h2>Unsere Schulungen<\/h2>\n<p><span>Unsere Maschinen sind einfach zu bedienen, k\u00f6nnen aber eine erste Demonstration erfordern, um sie richtig zu beherrschen. Mit Elegance Boutique haben Sie keinen Stress, denn f\u00fcr jede gekaufte Maschine ist eine Schulung inbegriffen. Unsere Kosmetikerinnen, die Experten im Umgang mit den einzelnen Ger\u00e4ten sind, zeigen Ihnen ausf\u00fchrlich, wie Sie das Ger\u00e4t bedienen k\u00f6nnen. Alle Vorteile und Vorz\u00fcge werden Ihnen ebenfalls erl\u00e4utert.<\/span><\/p>\n<p>[\/et_pb_text][\/et_pb_column][\/et_pb_row][et_pb_row column_structure=&#8220;1_2,1_2&#8243; disabled_on=&#8220;off|off|on&#8220; _builder_version=&#8220;4.21.0&#8243; _module_preset=&#8220;default&#8220; custom_margin=&#8220;20px||||false|false&#8220; animation_style=&#8220;slide&#8220; animation_direction=&#8220;right&#8220; global_colors_info=&#8220;{}&#8220;][et_pb_column type=&#8220;1_2&#8243; _builder_version=&#8220;4.21.0&#8243; _module_preset=&#8220;default&#8220; global_colors_info=&#8220;{}&#8220;][et_pb_text admin_label=&#8220;Title&#8220; _builder_version=&#8220;4.21.0&#8243; text_font=&#8220;Ubuntu||||||||&#8220; text_line_height=&#8220;1.8em&#8220; header_font=&#8220;||||||||&#8220; header_2_font=&#8220;|700|||||||&#8220; header_2_font_size=&#8220;40px&#8220; header_2_line_height=&#8220;1.4em&#8220; text_orientation=&#8220;center&#8220; max_width=&#8220;601px&#8220; module_alignment=&#8220;center&#8220; header_font_size_tablet=&#8220;&#8220; header_font_size_phone=&#8220;30px&#8220; header_font_size_last_edited=&#8220;on|phone&#8220; header_2_font_size_tablet=&#8220;40px&#8220; header_2_font_size_phone=&#8220;30px&#8220; header_2_font_size_last_edited=&#8220;on|phone&#8220; global_colors_info=&#8220;{}&#8220;]<\/p>\n<h2>Unsere Schulungen<\/h2>\n<p><span>Unsere Maschinen sind einfach zu bedienen, k\u00f6nnen aber eine erste Demonstration erfordern, um sie richtig zu beherrschen. Mit Elegance Boutique haben Sie keinen Stress, denn f\u00fcr jede gekaufte Maschine ist eine Schulung inbegriffen. Unsere Kosmetikerinnen, die Experten im Umgang mit den einzelnen Ger\u00e4ten sind, zeigen Ihnen ausf\u00fchrlich, wie Sie das Ger\u00e4t bedienen k\u00f6nnen. Alle Vorteile und Vorz\u00fcge werden Ihnen ebenfalls erl\u00e4utert.<\/span><\/p>\n<p>[\/et_pb_text][\/et_pb_column][et_pb_column type=&#8220;1_2&#8243; _builder_version=&#8220;4.21.0&#8243; _module_preset=&#8220;default&#8220; global_colors_info=&#8220;{}&#8220;][et_pb_image src=&#8220;https:\/\/eternalyouth.ch\/wp-content\/uploads\/2023\/08\/services.png&#8220; alt=&#8220;services&#8220; title_text=&#8220;services&#8220; _builder_version=&#8220;4.21.0&#8243; _module_preset=&#8220;default&#8220; custom_margin=&#8220;|||70px||&#8220; custom_margin_tablet=&#8220;|||0px|false|false&#8220; custom_margin_phone=&#8220;|||0px|false|false&#8220; custom_margin_last_edited=&#8220;on|tablet&#8220; custom_padding=&#8220;5px|||||&#8220; custom_padding_tablet=&#8220;0px||||false|false&#8220; custom_padding_phone=&#8220;0px||||false|false&#8220; custom_padding_last_edited=&#8220;on|tablet&#8220; global_colors_info=&#8220;{}&#8220;][\/et_pb_image][\/et_pb_column][\/et_pb_row][\/et_pb_section][et_pb_section fb_built=&#8220;1&#8243; prev_background_color=&#8220;#ffffff&#8220; disabled_on=&#8220;on|on|on&#8220; _builder_version=&#8220;4.23.1&#8243; _module_preset=&#8220;default&#8220; background_color=&#8220;#FFFFFF&#8220; custom_margin=&#8220;0px||||false|false&#8220; custom_padding=&#8220;0px||||false|false&#8220; top_divider_style=&#8220;mountains2&#8243; disabled=&#8220;on&#8220; global_colors_info=&#8220;{}&#8220;][et_pb_row _builder_version=&#8220;4.21.0&#8243; _module_preset=&#8220;default&#8220; custom_margin=&#8220;||||false|false&#8220; custom_padding=&#8220;150px||||false|false&#8220; global_colors_info=&#8220;{}&#8220;][et_pb_column type=&#8220;4_4&#8243; _builder_version=&#8220;4.21.0&#8243; _module_preset=&#8220;default&#8220; global_colors_info=&#8220;{}&#8220;][et_pb_text admin_label=&#8220;Title&#8220; _builder_version=&#8220;4.21.0&#8243; text_font=&#8220;Ubuntu||||||||&#8220; text_font_size=&#8220;16px&#8220; text_line_height=&#8220;1.8em&#8220; header_font=&#8220;||||||||&#8220; header_2_font=&#8220;|700|||||||&#8220; header_2_font_size=&#8220;40px&#8220; header_2_line_height=&#8220;1.4em&#8220; text_orientation=&#8220;center&#8220; max_width=&#8220;701px&#8220; module_alignment=&#8220;center&#8220; animation_style=&#8220;slide&#8220; animation_direction=&#8220;bottom&#8220; header_2_font_size_tablet=&#8220;40px&#8220; header_2_font_size_phone=&#8220;30px&#8220; header_2_font_size_last_edited=&#8220;on|phone&#8220; global_colors_info=&#8220;{}&#8220;]<\/p>\n<h2>Wir arbeiten mit folgenden Instituten zusammen<\/h2>\n<p>[\/et_pb_text][\/et_pb_column][\/et_pb_row][et_pb_row column_structure=&#8220;1_2,1_2&#8243; disabled_on=&#8220;off|off|off&#8220; _builder_version=&#8220;4.21.0&#8243; _module_preset=&#8220;default&#8220; custom_margin=&#8220;20px||||false|false&#8220; saved_tabs=&#8220;all&#8220; global_colors_info=&#8220;{}&#8220;][et_pb_column type=&#8220;1_2&#8243; _builder_version=&#8220;4.21.0&#8243; _module_preset=&#8220;default&#8220; global_colors_info=&#8220;{}&#8220;][et_pb_text admin_label=&#8220;Title&#8220; _builder_version=&#8220;4.21.0&#8243; text_font=&#8220;Ubuntu||||||||&#8220; text_font_size=&#8220;16px&#8220; text_line_height=&#8220;1.8em&#8220; header_font=&#8220;||||||||&#8220; header_2_font=&#8220;|700|||||||&#8220; header_2_font_size=&#8220;40px&#8220; header_2_line_height=&#8220;1.4em&#8220; text_orientation=&#8220;center&#8220; max_width=&#8220;601px&#8220; module_alignment=&#8220;center&#8220; animation_style=&#8220;fade&#8220; animation_direction=&#8220;right&#8220; animation_delay=&#8220;500ms&#8220; header_2_font_size_tablet=&#8220;&#8220; header_2_font_size_phone=&#8220;30px&#8220; header_2_font_size_last_edited=&#8220;on|phone&#8220; global_colors_info=&#8220;{}&#8220;]<\/p>\n<h2>Medical Body Aesthetic &#8211; Wallis<\/h2>\n<p>[\/et_pb_text][et_pb_blurb title=&#8220;Telefon&#8220; use_icon=&#8220;on&#8220; font_icon=&#8220;&#xe090;||divi||400&#8243; icon_color=&#8220;#000000&#8243; icon_placement=&#8220;left&#8220; image_icon_width=&#8220;20px&#8220; _builder_version=&#8220;4.21.0&#8243; _module_preset=&#8220;default&#8220; header_text_color=&#8220;#333333&#8243; body_font_size=&#8220;16px&#8220; image_icon_custom_margin=&#8220;|0px||0px|false|false&#8220; image_icon_custom_margin_tablet=&#8220;|0px||0px|false|false&#8220; image_icon_custom_margin_phone=&#8220;|0px||0px|false|false&#8220; image_icon_custom_margin_last_edited=&#8220;on|tablet&#8220; custom_margin=&#8220;||20px||false|false&#8220; custom_margin_tablet=&#8220;|||-63px|false|false&#8220; custom_margin_phone=&#8220;|||0px|false|false&#8220; custom_margin_last_edited=&#8220;on|tablet&#8220; animation_style=&#8220;slide&#8220; animation_direction=&#8220;left&#8220; header_text_align_tablet=&#8220;&#8220; header_text_align_phone=&#8220;&#8220; header_text_align_last_edited=&#8220;on|tablet&#8220; header_font_size_tablet=&#8220;&#8220; header_font_size_phone=&#8220;21px&#8220; header_font_size_last_edited=&#8220;on|phone&#8220; text_orientation_tablet=&#8220;left&#8220; text_orientation_phone=&#8220;left&#8220; text_orientation_last_edited=&#8220;on|tablet&#8220; global_colors_info=&#8220;{}&#8220;]<\/p>\n<p><a href=\"tel:+41 79 785 40 20\">(+41 ) 079 785 40 20<\/a><\/p>\n<p>[\/et_pb_blurb][et_pb_blurb title=&#8220;Email&#8220; use_icon=&#8220;on&#8220; font_icon=&#8220;&#xf0e0;||fa||400&#8243; icon_color=&#8220;#000000&#8243; icon_placement=&#8220;left&#8220; image_icon_width=&#8220;20px&#8220; _builder_version=&#8220;4.21.0&#8243; _module_preset=&#8220;default&#8220; header_text_color=&#8220;#333333&#8243; body_text_color=&#8220;#000000&#8243; body_font_size=&#8220;16px&#8220; image_icon_custom_margin=&#8220;|0px||0px|false|false&#8220; image_icon_custom_margin_tablet=&#8220;|0px||0px|false|false&#8220; image_icon_custom_margin_phone=&#8220;|0px||0px|false|false&#8220; image_icon_custom_margin_last_edited=&#8220;on|tablet&#8220; custom_margin=&#8220;||20px||false|false&#8220; custom_margin_tablet=&#8220;|||-63px|false|false&#8220; custom_margin_phone=&#8220;|||0px|false|false&#8220; custom_margin_last_edited=&#8220;on|tablet&#8220; animation_style=&#8220;slide&#8220; animation_direction=&#8220;left&#8220; animation_delay=&#8220;200ms&#8220; header_text_align_tablet=&#8220;&#8220; header_text_align_phone=&#8220;&#8220; header_text_align_last_edited=&#8220;on|tablet&#8220; header_font_size_tablet=&#8220;&#8220; header_font_size_phone=&#8220;21px&#8220; header_font_size_last_edited=&#8220;on|phone&#8220; text_orientation_tablet=&#8220;left&#8220; text_orientation_phone=&#8220;left&#8220; text_orientation_last_edited=&#8220;on|tablet&#8220; global_colors_info=&#8220;{}&#8220;]<\/p>\n<p><a href=\"mailto:cheyenne.kalt@medicalbodyaesthetic.ch\">cheyenne.kalt@medicalbodyaesthetic.ch<\/a><\/p>\n<p>[\/et_pb_blurb][et_pb_blurb title=&#8220;Adresse&#8220; use_icon=&#8220;on&#8220; font_icon=&#8220;&#xe090;||divi||400&#8243; icon_color=&#8220;#000000&#8243; icon_placement=&#8220;left&#8220; image_icon_width=&#8220;20px&#8220; _builder_version=&#8220;4.21.0&#8243; _module_preset=&#8220;default&#8220; header_text_color=&#8220;#000000&#8243; body_font_size=&#8220;16px&#8220; image_icon_custom_margin=&#8220;|0px||0px|false|false&#8220; image_icon_custom_margin_tablet=&#8220;|0px||0px|false|false&#8220; image_icon_custom_margin_phone=&#8220;|0px||0px|false|false&#8220; image_icon_custom_margin_last_edited=&#8220;on|tablet&#8220; custom_margin_tablet=&#8220;|||-63px|false|false&#8220; custom_margin_phone=&#8220;|||0px|false|false&#8220; custom_margin_last_edited=&#8220;on|tablet&#8220; animation_style=&#8220;slide&#8220; animation_direction=&#8220;left&#8220; animation_delay=&#8220;400ms&#8220; header_text_align_tablet=&#8220;&#8220; header_text_align_phone=&#8220;&#8220; header_text_align_last_edited=&#8220;on|tablet&#8220; header_font_size_tablet=&#8220;&#8220; header_font_size_phone=&#8220;21px&#8220; header_font_size_last_edited=&#8220;on|phone&#8220; text_orientation_tablet=&#8220;left&#8220; text_orientation_phone=&#8220;left&#8220; text_orientation_last_edited=&#8220;on|tablet&#8220; global_colors_info=&#8220;{}&#8220;]<\/p>\n<p><a href=\"https:\/\/www.google.com\/maps\/place\/KLINGELE+HAUS,+Kehrstrasse+12,+3904+Naters\/data=!4m2!3m1!1s0x478f6ecfb8fcd5f9:0x4fef52b857962890?sa=X&amp;ved=2ahUKEwj1muzI45iBAxXQVUEAHYIpA0cQ8gF6BAgPEAA&amp;ved=2ahUKEwj1muzI45iBAxXQVUEAHYIpA0cQ8gF6BAgYEAI\">Kehrstrasse 12, 3904 Naters<\/a><\/p>\n<p>[\/et_pb_blurb][et_pb_blurb title=&#8220;Website&#8220; use_icon=&#8220;on&#8220; font_icon=&#8220;&#xe609;||divi||400&#8243; icon_color=&#8220;#000000&#8243; icon_placement=&#8220;left&#8220; image_icon_width=&#8220;20px&#8220; _builder_version=&#8220;4.21.0&#8243; _module_preset=&#8220;default&#8220; header_text_color=&#8220;#000000&#8243; body_font_size=&#8220;16px&#8220; image_icon_custom_margin=&#8220;|0px||0px|false|false&#8220; image_icon_custom_margin_tablet=&#8220;|0px||0px|false|false&#8220; image_icon_custom_margin_phone=&#8220;|0px||0px|false|false&#8220; image_icon_custom_margin_last_edited=&#8220;on|tablet&#8220; custom_margin_tablet=&#8220;|||-63px|false|false&#8220; custom_margin_phone=&#8220;|||0px|false|false&#8220; custom_margin_last_edited=&#8220;on|tablet&#8220; animation_style=&#8220;slide&#8220; animation_direction=&#8220;left&#8220; animation_delay=&#8220;600ms&#8220; header_text_align_tablet=&#8220;&#8220; header_text_align_phone=&#8220;&#8220; header_text_align_last_edited=&#8220;on|tablet&#8220; header_font_size_tablet=&#8220;&#8220; header_font_size_phone=&#8220;21px&#8220; header_font_size_last_edited=&#8220;on|phone&#8220; text_orientation_tablet=&#8220;left&#8220; text_orientation_phone=&#8220;left&#8220; text_orientation_last_edited=&#8220;on|tablet&#8220; global_colors_info=&#8220;{}&#8220;]<\/p>\n<p><a href=\"https:\/\/medicalbodyaesthetic.ch\/\" target=\"_blank\" rel=\"noopener\">Medical Body Aesthetic<\/a><\/p>\n<p>[\/et_pb_blurb][\/et_pb_column][et_pb_column type=&#8220;1_2&#8243; _builder_version=&#8220;4.21.0&#8243; _module_preset=&#8220;default&#8220; global_colors_info=&#8220;{}&#8220;][et_pb_map address=&#8220;KLINGELE HAUS, Kehrstrasse 12, 3904 Naters, Schweiz&#8220; zoom_level=&#8220;15&#8243; address_lat=&#8220;46.3226213&#8243; address_lng=&#8220;7.9848971&#8243; _builder_version=&#8220;4.21.0&#8243; _module_preset=&#8220;default&#8220; height=&#8220;500px&#8220; animation_style=&#8220;slide&#8220; animation_direction=&#8220;right&#8220; animation_delay=&#8220;600ms&#8220; global_colors_info=&#8220;{}&#8220;][et_pb_map_pin title=&#8220;Medical Body Aesthetic&#8220; pin_address=&#8220;KLINGELE HAUS, Kehrstrasse 12, 3904 Naters, Schweiz&#8220; pin_address_lat=&#8220;46.3226213&#8243; pin_address_lng=&#8220;7.9848971&#8243; _builder_version=&#8220;4.21.0&#8243; _module_preset=&#8220;default&#8220; global_colors_info=&#8220;{}&#8220;]<\/p>\n<p>KLINGELE HAUS, Kehrstrasse 12, 3904 Naters, Schweiz<\/p>\n<p>[\/et_pb_map_pin][\/et_pb_map][\/et_pb_column][\/et_pb_row][\/et_pb_section]<\/p>","protected":false},"excerpt":{"rendered":"<p>\u00dcber uns Sch\u00f6nheit neu definieren \u2013 durch hochwertige Ger\u00e4te.Unsere Geschichte Begonnen hat alles mit Elegance Boutique wo meine Schwester seit einigen Jahren arbeitet. Elegance Boutique begann mit einem Kosmetikstudio. Mit der Zeit entwickelte sich dieses Studio zu einem wichtigen Player auf dem kosmetischen Markt der franz\u00f6sischen Schweiz. Unter anderem auch, weil sich dieses Studio stets [&hellip;]<\/p>","protected":false},"author":1,"featured_media":0,"parent":0,"menu_order":0,"comment_status":"closed","ping_status":"closed","template":"","meta":{"_acf_changed":false,"_et_pb_use_builder":"on","_et_pb_old_content":"","_et_gb_content_width":"","footnotes":""},"class_list":["post-28856","page","type-page","status-publish","hentry"],"acf":[],"_links":{"self":[{"href":"https:\/\/eternalyouth.ch\/fr\/wp-json\/wp\/v2\/pages\/28856","targetHints":{"allow":["GET"]}}],"collection":[{"href":"https:\/\/eternalyouth.ch\/fr\/wp-json\/wp\/v2\/pages"}],"about":[{"href":"https:\/\/eternalyouth.ch\/fr\/wp-json\/wp\/v2\/types\/page"}],"author":[{"embeddable":true,"href":"https:\/\/eternalyouth.ch\/fr\/wp-json\/wp\/v2\/users\/1"}],"replies":[{"embeddable":true,"href":"https:\/\/eternalyouth.ch\/fr\/wp-json\/wp\/v2\/comments?post=28856"}],"version-history":[{"count":35,"href":"https:\/\/eternalyouth.ch\/fr\/wp-json\/wp\/v2\/pages\/28856\/revisions"}],"predecessor-version":[{"id":32998,"href":"https:\/\/eternalyouth.ch\/fr\/wp-json\/wp\/v2\/pages\/28856\/revisions\/32998"}],"wp:attachment":[{"href":"https:\/\/eternalyouth.ch\/fr\/wp-json\/wp\/v2\/media?parent=28856"}],"curies":[{"name":"wp","href":"https:\/\/api.w.org\/{rel}","templated":true}]}}